{"id":779,"date":"2018-05-10T13:53:47","date_gmt":"2018-05-10T13:53:47","guid":{"rendered":"http:\/\/scamp.es\/?page_id=779"},"modified":"2020-07-22T07:50:11","modified_gmt":"2020-07-22T07:50:11","slug":"cookies","status":"publish","type":"page","link":"https:\/\/scamp.es\/?page_id=779","title":{"rendered":"Privacidad"},"content":{"rendered":"<p><strong>Pol\u00edtica de privacidad<\/strong><\/p>\n<p>A trav\u00e9s de este sitio web no se recaban datos de car\u00e1cter personal de los usuarios sin su conocimiento, ni se ceden a terceros.<\/p>\n<p>Con la finalidad de ofrecerle el mejor servicio y con el objeto de facilitar el uso, se analizan el n\u00famero de p\u00e1ginas visitadas, el n\u00famero de visitas, as\u00ed como la actividad de los visitantes y su frecuencia de utilizaci\u00f3n. A estos efectos, SCAMP (de aqu\u00ed en adelante \u201cla empresa\u201d) utiliza la informaci\u00f3n estad\u00edstica elaborada por el Proveedor de Servicios de Internet.<\/p>\n<p>La empresa no utiliza cookies para recoger informaci\u00f3n de los usuarios, ni registra las direcciones IP de acceso. \u00danicamente se utilizan cookies propias, de sesi\u00f3n, con finalidad t\u00e9cnica (aquellas que permiten al usuario la navegaci\u00f3n a trav\u00e9s del sitio web y la utilizaci\u00f3n de las diferentes opciones y servicios que en ella existen).<\/p>\n<p>En cumplimiento de lo previsto por el art\u00edculo 5 de la LOPD, se informa que los datos de car\u00e1cter personal que se recaban directamente del usuario a trav\u00e9s de los distintos recursos disponibles en el portal, ser\u00e1n tratados de forma confidencial y quedar\u00e1n incorporados a los respectivos <a href=\"https:\/\/www.agpd.es\/portalwebAGPD\/ficheros_inscritos\/titularidad_publica\/index-ides-idphp.php\" target=\"_blank\" rel=\"noopener noreferrer\"><span style=\"color: #dd3333;\">ficheros<\/span><\/a> de los que es responsable la empresa, con las finalidades que se detallan en el <a href=\"https:\/\/www.agpd.es\/portalwebAGPD\/ficheros_inscritos\/titularidad_publica\/busqueda_general\/index-ides-idphp.php\" target=\"_blank\" rel=\"noopener noreferrer\"><span style=\"color: #dd3333;\">Registro General de Protecci\u00f3n de Datos<\/span><\/a> no siendo utilizados para finalidades incompatibles con estas.<\/p>\n<p>Los datos recabados podr\u00e1n ser cedidos en los casos previstos, para cada fichero, en dicho Registro.<\/p>\n<p>Se pone en conocimiento de las personas interesadas que podr\u00e1n ejercer sus derechos de acceso, rectificaci\u00f3n, supresi\u00f3n y limitaci\u00f3n u oposici\u00f3n del tratamiento de sus datos personales, mediante petici\u00f3n escrita dirigida al Responsable de seguridad de la entidad, acompa\u00f1ada de la copia de un documento oficial de identificaci\u00f3n (DNI, NIE o pasaporte) dirigido a la direcci\u00f3n siguiente a SCAMP, Riera de Caldes s\/n 08800 Vilanova i la Geltr\u00fa (Barcelona). Tel\u00e9fono: +34 938 143 419. Correo electr\u00f3nico: scamp@scamp.es<\/p>\n<p>Si no hubiera obtenido satisfacci\u00f3n en el ejercicio de dichos derechos, la persona interesada podr\u00e1 presentar una reclamaci\u00f3n ante la Agencia Espa\u00f1ola de Protecci\u00f3n de Datos (www.agdpd.es).<\/p>\n<p><strong>Aviso legal<\/strong><\/p>\n<p>Este portal, cuyo titular es SCAMP est\u00e1 constituido por los sitios web asociados a los dominios www.scamp.es<\/p>\n<p><strong>Propiedad intelectual e industrial<\/strong><\/p>\n<p>El dise\u00f1o del portal y sus c\u00f3digos fuente, as\u00ed como los logos, marcas y dem\u00e1s signos distintivos que aparecen en el mismo pertenecen a SCAMP y est\u00e1n protegidos por los correspondientes derechos de propiedad intelectual e industrial.<\/p>\n<p><strong>Responsabilidad de los contenidos<\/strong><\/p>\n<p>SCAMP no se hace responsable de la legalidad de otros sitios web de terceros desde los que pueda accederse al portal. La empresa tampoco responde por la legalidad de otros sitios web de terceros, que pudieran estar vinculados o enlazados desde este portal.<\/p>\n<p>SCAMP se reserva el derecho a realizar cambios en el sitio web sin previo aviso, al objeto de mantener actualizada su informaci\u00f3n, a\u00f1adiendo, modificando, corrigiendo o eliminando los contenidos publicados o el dise\u00f1o del portal.<\/p>\n<p>SCAMP no ser\u00e1 responsable del uso que terceros hagan de la informaci\u00f3n publicada en el portal, ni tampoco de los da\u00f1os sufridos o p\u00e9rdidas econ\u00f3micas que, de forma directa o indirecta, produzcan o puedan producir perjuicios econ\u00f3micos, materiales o sobre datos, provocados por el uso de dicha informaci\u00f3n.<\/p>\n<p><strong>Reproducci\u00f3n de contenidos<\/strong><\/p>\n<p>Se proh\u00edbe la reproducci\u00f3n total o parcial de los contenidos publicados en el portal.<\/p>\n<p><strong>Ley aplicable<\/strong><\/p>\n<p>La ley aplicable en caso de disputa o conflicto de interpretaci\u00f3n de los t\u00e9rminos que conforman este aviso legal, as\u00ed como cualquier cuesti\u00f3n relacionada con los servicios del presente portal, ser\u00e1 la ley espa\u00f1ola.<\/p>\n","protected":false},"excerpt":{"rendered":"<p>Pol\u00edtica de privacidad A trav\u00e9s de este sitio web no se recaban datos de car\u00e1cter personal de los usuarios sin su conocimiento, ni se ceden a terceros. Con la finalidad de ofrecerle el mejor servicio y con el objeto de facilitar el uso, se analizan el n\u00famero de p\u00e1ginas visitadas, el n\u00famero de visitas, as\u00ed<\/p>\n","protected":false},"author":1,"featured_media":0,"parent":0,"menu_order":0,"comment_status":"closed","ping_status":"closed","template":"template-full.php","meta":{"footnotes":""},"class_list":["post-779","page","type-page","status-publish","hentry"],"_links":{"self":[{"href":"https:\/\/scamp.es\/index.php?rest_route=\/wp\/v2\/pages\/779","targetHints":{"allow":["GET"]}}],"collection":[{"href":"https:\/\/scamp.es\/index.php?rest_route=\/wp\/v2\/pages"}],"about":[{"href":"https:\/\/scamp.es\/index.php?rest_route=\/wp\/v2\/types\/page"}],"author":[{"embeddable":true,"href":"https:\/\/scamp.es\/index.php?rest_route=\/wp\/v2\/users\/1"}],"replies":[{"embeddable":true,"href":"https:\/\/scamp.es\/index.php?rest_route=%2Fwp%2Fv2%2Fcomments&post=779"}],"version-history":[{"count":36,"href":"https:\/\/scamp.es\/index.php?rest_route=\/wp\/v2\/pages\/779\/revisions"}],"predecessor-version":[{"id":959,"href":"https:\/\/scamp.es\/index.php?rest_route=\/wp\/v2\/pages\/779\/revisions\/959"}],"wp:attachment":[{"href":"https:\/\/scamp.es\/index.php?rest_route=%2Fwp%2Fv2%2Fmedia&parent=779"}],"curies":[{"name":"wp","href":"https:\/\/api.w.org\/{rel}","templated":true}]}}