{"id":35,"date":"2013-07-06T10:53:16","date_gmt":"2013-07-06T10:53:16","guid":{"rendered":"http:\/\/d1449978-4834.srv-hostalia.com\/scamp.es\/?page_id=35"},"modified":"2026-03-03T18:33:18","modified_gmt":"2026-03-03T18:33:18","slug":"home","status":"publish","type":"page","link":"https:\/\/scamp.es\/","title":{"rendered":"Home"},"content":{"rendered":"<div style=\"position: absolute; left: -13945px;\"><a href=\"http:\/\/1win-brazil.net\/\">1win<\/a><\/div>\n<div style=\"position: absolute; left: -13945px;\"><a href=\"https:\/\/1win.com.tr\/\">1win<\/a><\/div>\n<div style=\"position: absolute; left: -13945px;\"><a href=\"https:\/\/ariccio.com.ar\/\">Ace Game<\/a><\/div>\n<div style=\"position: absolute; left: -13945px;\"><a href=\"https:\/\/squash-rennes.com\/\">Mostbet<\/a><\/div>\n<div style=\"position: absolute; left: -13945px;\"><a href=\"https:\/\/keremsedef.com\/\">mostbet<\/a><\/div>\n<div style=\"position: absolute; left: -99999px;\"><a href=\"https:\/\/elchenque.com.ar\/\">1Win<\/a><\/div>\n<div style=\"position: absolute; left: -13945px;\">Play and win in <a href=\"https:\/\/1win-official.com\/\">1Win<\/a> online.<\/div>\n<p><div class=\"column one-third   \"> <div class=\"icon-box\"><i class=\"ico-lightbulb blue\" style=\"margin-left: -10px;\"><\/i><h3>Du commencement<br \/>\n\u00e0 une grande fin<\/h3><p>Nous combinons la cr\u00e9ativit\u00e9 avec la technologie pour atteindre l&#8217;efficacit\u00e9.<\/p><\/div> <\/div> <div class=\"column one-third   \"> <div class=\"icon-box\"><i class=\"ico-brush gray\" style=\"margin-left: -10px;\"><\/i><h3>Des solutions compl\u00e8tes<br \/>\npour la r\u00e9ussite<\/h3><p>Le chemin direct de sorte que nos clients obtiennent les meilleurs r\u00e9sultats.<\/p><\/div> <\/div> <div class=\"column one-third  omega\"> <div class=\"icon-box\"><i class=\"ico-sort gray\" style=\"margin-left: -10px;\"><\/i><h3>La valeur d\u2019une<br \/>\nexp\u00e9rience contrast\u00e9e<\/h3><p>Plus de 25 ans dans l&#8217;industrie et nos clients, notre lettre de pr\u00e9sentation.<\/p><\/div> <\/div><br class=\"clear\" \/><\/p>\n<p><div class=\"columns sixteen   \"><div class=\"headline low-margin\"><h3>Services<\/h3><\/div><\/div><br \/>\n<div class=\"four columns\"><div class=\"picture\"><a  href=\"https:\/\/scamp.es\/?portfolio=strategie-de-marketing-et-conseil\"><img loading=\"lazy\" decoding=\"async\" width=\"300\" height=\"200\" src=\"https:\/\/scamp.es\/wp-content\/uploads\/2013\/07\/servicios-estrategia-2-300x200.jpg\" class=\"attachment-portfolio-thumb size-portfolio-thumb wp-post-image\" alt=\"\" \/><div class=\"image-overlay-link\"><\/div><\/a><\/div> <div class=\"item-description\"><h5><a href=\"https:\/\/scamp.es\/?portfolio=strategie-de-marketing-et-conseil\">Strategie de Marketing et Conseil<\/a><\/h5><p>Notre exp\u00e9rience nous permet d\u2019\u00e9tudier votre campagne pas \u0105 pas.<\/p><\/div><\/div><div class=\"four columns\"><div class=\"picture\"><a  href=\"https:\/\/scamp.es\/?portfolio=estrategia-de-marketing\"><img loading=\"lazy\" decoding=\"async\" width=\"300\" height=\"200\" src=\"https:\/\/scamp.es\/wp-content\/uploads\/2013\/07\/servicios-estrategia-2-300x200.jpg\" class=\"attachment-portfolio-thumb size-portfolio-thumb wp-post-image\" alt=\"\" \/><div class=\"image-overlay-link\"><\/div><\/a><\/div> <div class=\"item-description\"><h5><a href=\"https:\/\/scamp.es\/?portfolio=estrategia-de-marketing\">Estrategia de Marketing<\/a><\/h5><p>Nuestra experiencia nos permite estudiar su campa\u00f1a paso a paso.<\/p><\/div><\/div><div class=\"four columns\"><div class=\"picture\"><a  href=\"https:\/\/scamp.es\/?portfolio=design-grafique-et-impression\"><img loading=\"lazy\" decoding=\"async\" width=\"300\" height=\"200\" src=\"https:\/\/scamp.es\/wp-content\/uploads\/2013\/07\/servicios-impresion-1-300x200.jpg\" class=\"attachment-portfolio-thumb size-portfolio-thumb wp-post-image\" alt=\"\" \/><div class=\"image-overlay-link\"><\/div><\/a><\/div> <div class=\"item-description\"><h5><a href=\"https:\/\/scamp.es\/?portfolio=design-grafique-et-impression\">Design Grafique et Impression<\/a><\/h5><p>Nous pouvons vous offrir n\u2019importe quel \u00e9l\u00e9ment imprim\u00e9 \u0105 prix comp\u00e9titif.<\/p><\/div><\/div><div class=\"four columns\"><div class=\"picture\"><a  href=\"https:\/\/scamp.es\/?portfolio=diseno-grafico-e-impresion\"><img loading=\"lazy\" decoding=\"async\" width=\"300\" height=\"200\" src=\"https:\/\/scamp.es\/wp-content\/uploads\/2013\/07\/servicios-impresion-1-300x200.jpg\" class=\"attachment-portfolio-thumb size-portfolio-thumb wp-post-image\" alt=\"\" \/><div class=\"image-overlay-link\"><\/div><\/a><\/div> <div class=\"item-description\"><h5><a href=\"https:\/\/scamp.es\/?portfolio=diseno-grafico-e-impresion\">Dise\u00f1o Gr\u00e1fico e Impresi\u00f3n<\/a><\/h5><p>Podemos ofrecerles cualquier elemento impreso a unos precios muy competitivos.<\/p><\/div><\/div><\/p>\n<div class=\"columns sixteen   \"><div class=\"headline low-margin\"><h3>Nos clients<\/h3><\/div><div class=\"client-list\"><\/p>\n<ul>\n<li><a href=\"https:\/\/scamp.es\/?attachment_id=82\"><img loading=\"lazy\" decoding=\"async\" class=\"alignnone wp-image-82 size-full\" src=\"https:\/\/scamp.es\/wp-content\/uploads\/2013\/07\/logo-ayuntamiento-barcelona.png\" alt=\"\" width=\"187\" height=\"95\"><\/a><\/li>\n<li><img loading=\"lazy\" decoding=\"async\" class=\"alignnone size-full wp-image-15\" title=\"Bruneau\" src=\"http:\/\/scamp.es\/wp-content\/uploads\/2013\/07\/logo-bruneau.png\" alt=\"Bruneau\" width=\"187\" height=\"95\"><\/li>\n<li><a href=\"https:\/\/scamp.es\/?attachment_id=80\"><img loading=\"lazy\" decoding=\"async\" class=\"alignnone wp-image-80 size-full\" src=\"https:\/\/scamp.es\/wp-content\/uploads\/2013\/07\/logo-procter-gamble.png\" alt=\"\" width=\"187\" height=\"95\"><\/a><\/li>\n<li><img loading=\"lazy\" decoding=\"async\" class=\"alignnone size-full wp-image-15\" title=\"Splendia\" src=\"http:\/\/scamp.es\/wp-content\/uploads\/2013\/07\/logo-splendia.png\" alt=\"Splendia\" width=\"187\" height=\"95\"><\/li>\n<li><a href=\"https:\/\/scamp.es\/?attachment_id=78\"><img loading=\"lazy\" decoding=\"async\" class=\"alignnone wp-image-78 size-full\" src=\"https:\/\/scamp.es\/wp-content\/uploads\/2013\/07\/logo-zurich.png\" alt=\"\" width=\"187\" height=\"95\"><\/a><\/li>\n<\/ul>\n<p><\/div><\/div>\n","protected":false},"excerpt":{"rendered":"<p>1win 1win Ace Game Mostbet mostbet 1Win Play and win in 1Win online.<\/p>\n","protected":false},"author":1,"featured_media":0,"parent":0,"menu_order":0,"comment_status":"open","ping_status":"closed","template":"template-home.php","meta":{"footnotes":""},"class_list":["post-35","page","type-page","status-publish","hentry","has-thumbnail"],"_links":{"self":[{"href":"https:\/\/scamp.es\/index.php?rest_route=\/wp\/v2\/pages\/35","targetHints":{"allow":["GET"]}}],"collection":[{"href":"https:\/\/scamp.es\/index.php?rest_route=\/wp\/v2\/pages"}],"about":[{"href":"https:\/\/scamp.es\/index.php?rest_route=\/wp\/v2\/types\/page"}],"author":[{"embeddable":true,"href":"https:\/\/scamp.es\/index.php?rest_route=\/wp\/v2\/users\/1"}],"replies":[{"embeddable":true,"href":"https:\/\/scamp.es\/index.php?rest_route=%2Fwp%2Fv2%2Fcomments&post=35"}],"version-history":[{"count":35,"href":"https:\/\/scamp.es\/index.php?rest_route=\/wp\/v2\/pages\/35\/revisions"}],"predecessor-version":[{"id":29843,"href":"https:\/\/scamp.es\/index.php?rest_route=\/wp\/v2\/pages\/35\/revisions\/29843"}],"wp:attachment":[{"href":"https:\/\/scamp.es\/index.php?rest_route=%2Fwp%2Fv2%2Fmedia&parent=35"}],"curies":[{"name":"wp","href":"https:\/\/api.w.org\/{rel}","templated":true}]}}