{"id":30,"date":"2013-07-06T10:45:45","date_gmt":"2013-07-06T10:45:45","guid":{"rendered":"http:\/\/d1449978-4834.srv-hostalia.com\/scamp.es\/?page_id=30"},"modified":"2020-11-16T10:13:17","modified_gmt":"2020-11-16T10:13:17","slug":"contacto","status":"publish","type":"page","link":"https:\/\/scamp.es\/?page_id=30","title":{"rendered":"Contacto"},"content":{"rendered":"<p>Nuestras instalaciones est\u00e1n estrat\u00e9gicamente situadas, con un f\u00e1cil acceso y con una amplia superf\u00edcie que nos permite trabajar de forma desahogada, \u00e1gil y r\u00e1pida. Solicite informaci\u00f3n y descubir\u00e1 lo que <strong>SCAMP<\/strong> puede hacer por su empresa.<\/p>\n<div class=\"ten columns  alpha\"> <div class=\"headline margin\"><h4>Env\u00edanos un mensaje<\/h4><\/div><br \/>\n<form method=\"post\" id=\"cntctfrm_contact_form\" class=\"cntctfrm_contact_form cntctfrm_one_column cntctfrm_ltr cntctfrm_width_default\" action=\"\/index.php?rest_route=%2Fwp%2Fv2%2Fpages%2F30#cntctfrm_contact_form\" enctype=\"multipart\/form-data\"><div id=\"cntctfrm_first_column\" class=\"cntctfrm_column\"><div class=\"cntctfrm_field_wrap cntctfrm_field_name_wrap\"namecontact><div class=\"cntctfrm_label cntctfrm_label_name\">\n\t\t\t\t\t\t\t\t\t<label for=\"cntctfrm_contact_name\">Nombre: <span class=\"required\">*<\/span><\/label><\/div><div class=\"cntctfrm_input cntctfrm_input_name\">\n\t\t\t\t\t\t\t\t\t<input namecontact class=\"text\" type=\"text\" size=\"40\" pattern=\"^([\\p{L}\\p{M}]{2,}(\\s)*(\\p{L}+\\p{M}*-*){1,})|([\\p{L}\\p{M}]{3,})\" title=\"Please enter only letters at least 3 characters, words seperated by spaces\" value=\"\" name=\"cntctfrm_contact_name\" id=\"cntctfrm_contact_name\" \/><\/div><\/div><div class=\"cntctfrm_field_wrap cntctfrm_field_email_wrap\"email><div class=\"cntctfrm_label cntctfrm_label_email\">\n\t\t\t\t\t\t\t\t\t<label for=\"cntctfrm_contact_email\">Direcci\u00f3n de correo electr\u00f3nico: <span class=\"required\">*<\/span><\/label>\n\t\t\t\t\t\t\t\t<\/div><div class=\"cntctfrm_input cntctfrm_input_email\">\n\t\t\t\t\t\t\t\t\t<input email class=\"text\" type=\"email\" size=\"40\" value=\"\" name=\"cntctfrm_contact_email\" id=\"cntctfrm_contact_email\" \/><\/div><\/div><div class=\"cntctfrm_field_wrap cntctfrm_field_subject_wrap\"subject><div class=\"cntctfrm_label cntctfrm_label_subject\">\n\t\t\t\t\t\t\t\t\t<label for=\"cntctfrm_contact_subject\">Asunto: <span class=\"required\">*<\/span><\/label>\n\t\t\t\t\t\t\t\t<\/div><div class=\"cntctfrm_input cntctfrm_input_subject\">\n\t\t\t\t\t\t\t\t<input subject pattern=\"^\\p{L}{1,}([\\p{L}\\s]){2,}\" title=\"Please enter only letters at least 3 characters, words seperated by spaces\" class=\"text\" type=\"text\" size=\"40\" value=\"\" name=\"cntctfrm_contact_subject\" id=\"cntctfrm_contact_subject\" \/><\/div><\/div><div class=\"cntctfrm_field_wrap cntctfrm_field_message_wrap\"message><div class=\"cntctfrm_label cntctfrm_label_message\">\n\t\t\t\t\t\t\t\t<label for=\"cntctfrm_contact_message\">Mensaje: <span class=\"required\">*<\/span><\/label>\n\t\t\t\t\t\t\t<\/div><div class=\"cntctfrm_input cntctfrm_input_message\">\n\t\t\t\t\t\t\t\t<textarea message rows=\"5\" cols=\"30\"name=\"cntctfrm_contact_message\" id=\"cntctfrm_contact_message\"><\/textarea><\/div><\/div><div class=\"cntctfrm_field_wrap cntctfrm_field_captcha_wrap\"><div class=\"cntctfrm_label cntctfrm_label_captcha\">\n\t\t\t\t\t\t\t\t\t\t\t<label><\/label>\n\t\t\t\t\t\t\t\t\t\t<\/div><div class=\"cntctfrm_input cntctfrm_input_captcha\"><span id=\"cptch_time_limit_notice_80\" class=\"cptch_time_limit_notice cptch_to_remove\">Time limit exceeded. Please complete the captcha once again.<\/span><span class=\"cptch_wrap cptch_math_actions\">\n\t\t\t\t<label class=\"cptch_label\" for=\"cptch_input_80\"><span class=\"cptch_span\"><input id=\"cptch_input_80\" class=\"cptch_input \" type=\"text\" autocomplete=\"off\" name=\"cptch_number\" value=\"\" maxlength=\"2\" size=\"2\" aria-required=\"true\" required=\"required\" style=\"margin-bottom:0;display:inline;font-size: 12px;width: 40px;\" \/><\/span>\n\t\t\t\t<span class=\"cptch_span\">&nbsp;&#43;&nbsp;<\/span>\n\t\t\t\t<span class=\"cptch_span\">9<\/span>\n\t\t\t\t<span class=\"cptch_span\">&nbsp;=&nbsp;<\/span>\n\t\t\t\t<span class=\"cptch_span\">trece<\/span><input type=\"hidden\" name=\"cptch_form\" value=\"bws_contact\" \/>\n\t\t\t\t<\/label><span class=\"cptch_reload_button_wrap hide-if-no-js\">\n\t\t\t\t\t<noscript>\n\t\t\t\t\t\t<style type=\"text\/css\">\n\t\t\t\t\t\t\t.hide-if-no-js {\n\t\t\t\t\t\t\t\tdisplay: none !important;\n\t\t\t\t\t\t\t}\n\t\t\t\t\t\t<\/style>\n\t\t\t\t\t<\/noscript>\n\t\t\t\t\t<span class=\"cptch_reload_button dashicons dashicons-update\"><\/span>\n\t\t\t\t<\/span><\/span><\/div><\/div><\/div><div class=\"clear\"><\/div><div class=\"cntctfrm_submit_wrap\"><div id=\"cntctfrm_submit_first_column\" class=\"cntctfrm_column\"><div class=\"cntctfrm_input cntctfrm_input_submit\"><input type=\"hidden\" value=\"32\" name=\"cntctfrmmlt_shortcode_id\"><input type=\"hidden\" value=\"send\" name=\"cntctfrm_contact_action\">\n\t\t\t\t\t\t\t<input type=\"hidden\" value=\"default\" name=\"cntctfrm_language\">\n\t\t\t\t\t\t\t<input type=\"hidden\" value=\"1\" name=\"cntctfrm_form_submited\">\n\t\t\t\t\t\t\t<input type=\"hidden\" value=\"cntctfrm_options\" name=\"cntctfrm_options_name\">\n\t\t\t\t\t\t\t<input type=\"submit\" value=\"Enviar\" class=\"cntctfrm_contact_submit\" id=\"1\" \/>\n\t\t\t\t\t\t<\/div><\/div><div id=\"cntctfrm_submit_second_column\" class=\"cntctfrm_column\"><\/div><div class=\"clear\"><\/div>\n\t\t\t<\/div>\n\t\t\t<\/form><\/div>\n<div class=\"six columns google-map omega\"> <div class=\"headline margin\"><h4>E-mail de contacto<\/h4><\/div><\/p>\n<ul class=\"arrow_list\">\n<li><a>scamp@scamp.es<\/a><\/li>\n<li><a><!--fredy@scamp.es--><\/a><\/li>\n<li><a><!--jjmartinez@scamp.es--><\/a><\/li>\n<\/ul>\n<p><div class=\"headline margin\"><h4>D\u00f3nde estamos<\/h4><\/div><br \/>\n<iframe loading=\"lazy\" src=\"https:\/\/maps.google.es\/maps?f=q&amp;source=s_q&amp;hl=es&amp;geocode=&amp;q=41%C2%B0+14'+47%22,+1%C2%B0+43'+28%22&amp;aq=&amp;sll=41.39479,2.148768&amp;sspn=0.245445,0.357056&amp;ie=UTF8&amp;t=m&amp;z=14&amp;ll=41.246389,1.724444&amp;output=embed\" width=\"100%\" height=\"240\" frameborder=\"0\" marginwidth=\"0\" marginheight=\"0\" scrolling=\"no\"><\/iframe><br \/>\n<\/div><br class=\"clear\" \/>\n<p align=\"justify\">Responsable: SCAMP, Societat Catalana d\u2019Aplicacions pel Marketing i la Publicitat, S.L. &#8211; CIF: B61178026. Direcci\u00f3n postal: Riera de Caldes s\/n 08800 Vilanova i la Geltr\u00fa (Barcelona). Tel\u00e9fono: +34 938 143 419. Correo electr\u00f3nico: scamp@scamp.es. \u201cEn nombre de la empresa tratamos la informaci\u00f3n que nos facilita con el fin de prestarles el servicio solicitado y realizar la facturaci\u00f3n del mismo. Los datos proporcionados se conservar\u00e1n mientras se mantenga la relaci\u00f3n comercial o durante los a\u00f1os necesarios para cumplir con las obligaciones legales. Los datos no se ceder\u00e1n a terceros salvo en los casos en que exista una obligaci\u00f3n legal. Usted tiene derecho a obtener confirmaci\u00f3n sobre si en SCAMP, Societat Catalana d\u2019Aplicacions pel Marketing i la Publicitat, S.L. estamos tratando sus datos personales por tanto tiene derecho a acceder a sus datos personales, rectificar los datos inexactos o solicitar su supresi\u00f3n cuando los datos ya no sean necesarios. Asimismo solicito su autorizaci\u00f3n para ofrecerle productos y servicios relacionados con los solicitados y fidelizarle como cliente.\u201d<\/p>\n<form action=\"\/action_page.php\"><input checked=\"checked\" name=\"confirmaci\u00f3n\" type=\"checkbox\" value=\"S\u00ed\">Autorizo el uso de mis datos para las acciones anteriormente descritas.<\/form>\n","protected":false},"excerpt":{"rendered":"<p>Nuestras instalaciones est\u00e1n estrat\u00e9gicamente situadas, con un f\u00e1cil acceso y con una amplia superf\u00edcie que nos permite trabajar de forma desahogada, \u00e1gil y r\u00e1pida. Solicite informaci\u00f3n y descubir\u00e1 lo que SCAMP puede hacer por su empresa. Responsable: SCAMP, Societat Catalana d\u2019Aplicacions pel Marketing i la Publicitat, S.L. &#8211; CIF: B61178026. Direcci\u00f3n postal: Riera de Caldes<\/p>\n","protected":false},"author":1,"featured_media":0,"parent":0,"menu_order":0,"comment_status":"open","ping_status":"open","template":"template-full.php","meta":{"footnotes":""},"class_list":["post-30","page","type-page","status-publish","hentry"],"_links":{"self":[{"href":"https:\/\/scamp.es\/index.php?rest_route=\/wp\/v2\/pages\/30","targetHints":{"allow":["GET"]}}],"collection":[{"href":"https:\/\/scamp.es\/index.php?rest_route=\/wp\/v2\/pages"}],"about":[{"href":"https:\/\/scamp.es\/index.php?rest_route=\/wp\/v2\/types\/page"}],"author":[{"embeddable":true,"href":"https:\/\/scamp.es\/index.php?rest_route=\/wp\/v2\/users\/1"}],"replies":[{"embeddable":true,"href":"https:\/\/scamp.es\/index.php?rest_route=%2Fwp%2Fv2%2Fcomments&post=30"}],"version-history":[{"count":79,"href":"https:\/\/scamp.es\/index.php?rest_route=\/wp\/v2\/pages\/30\/revisions"}],"predecessor-version":[{"id":1030,"href":"https:\/\/scamp.es\/index.php?rest_route=\/wp\/v2\/pages\/30\/revisions\/1030"}],"wp:attachment":[{"href":"https:\/\/scamp.es\/index.php?rest_route=%2Fwp%2Fv2%2Fmedia&parent=30"}],"curies":[{"name":"wp","href":"https:\/\/api.w.org\/{rel}","templated":true}]}}