{"id":265,"date":"2013-07-08T14:43:34","date_gmt":"2013-07-08T14:43:34","guid":{"rendered":"http:\/\/d1449978-4834.srv-hostalia.com\/scamp.es\/?page_id=265"},"modified":"2020-11-13T15:10:07","modified_gmt":"2020-11-13T15:10:07","slug":"clients","status":"publish","type":"page","link":"https:\/\/scamp.es\/?page_id=265","title":{"rendered":"Clients"},"content":{"rendered":"<blockquote>\n<h4>Nous avons grandi aux c\u00f4t\u00e9s de nos clients car vos int\u00e9rzts sont les notres. Chaque d\u00e9fi est une opportunit\u00e9 d\u2019apporter de la valeur avec les solutions les plus directes.<\/h4>\n<\/blockquote>\n<p><div class=\"client-list\"><br \/>\n&nbsp;<\/p>\n<ul>\n<li><img loading=\"lazy\" decoding=\"async\" class=\"alignnone size-full wp-image-15\" title=\"Ayuntament de Barcelona\" alt=\"Ayuntament de Barcelona\" src=\"http:\/\/scamp.es\/wp-content\/uploads\/2013\/07\/logo-ayuntamiento-barcelona.png\" width=\"187\" height=\"95\"><\/li>\n<li><img loading=\"lazy\" decoding=\"async\" class=\"alignnone size-full wp-image-15\" title=\"Generalitat de Catalunya\" alt=\"Generalitat de Catalunya\" src=\"http:\/\/scamp.es\/wp-content\/uploads\/2013\/07\/logo-generalitat-catalunya.png\" width=\"187\" height=\"95\"><\/li>\n<li><img loading=\"lazy\" decoding=\"async\" class=\"alignnone size-full wp-image-15\" title=\"Intermon Oxfam\" alt=\"Intermon Oxfam\" src=\"http:\/\/scamp.es\/wp-content\/uploads\/2013\/07\/logo-intermon-oxfam.png\" width=\"187\" height=\"95\"><\/li>\n<li><img loading=\"lazy\" decoding=\"async\" class=\"alignnone size-full wp-image-15\" title=\"Aecc\" alt=\"Aecc\" src=\"http:\/\/scamp.es\/wp-content\/uploads\/2013\/07\/logo-aecc.png\" width=\"187\" height=\"95\"><\/li>\n<li><img loading=\"lazy\" decoding=\"async\" class=\"alignnone size-full wp-image-15\" title=\"Venca\" alt=\"Venca\" src=\"http:\/\/scamp.es\/wp-content\/uploads\/2013\/07\/logo-venca.png\" width=\"187\" height=\"95\"><\/li>\n<li><img loading=\"lazy\" decoding=\"async\" class=\"alignnone size-full wp-image-15\" title=\"Bruneau\" alt=\"Bruneau\" src=\"http:\/\/scamp.es\/wp-content\/uploads\/2013\/07\/logo-bruneau.png\" width=\"187\" height=\"95\"><\/li>\n<li><img loading=\"lazy\" decoding=\"async\" class=\"alignnone size-full wp-image-15\" title=\"Rajapack\" alt=\"Rajapack\" src=\"http:\/\/scamp.es\/wp-content\/uploads\/2013\/07\/logo-rajapack.png\" width=\"187\" height=\"95\"><\/li>\n<li><img loading=\"lazy\" decoding=\"async\" class=\"alignnone size-full wp-image-15\" title=\"Market Plus\" alt=\"Market Plus\" src=\"http:\/\/scamp.es\/wp-content\/uploads\/2013\/07\/logo-market-plus.png\" width=\"187\" height=\"95\"><\/li>\n<li><img loading=\"lazy\" decoding=\"async\" class=\"alignnone size-full wp-image-15\" title=\"Anda Marketing\" alt=\"Anda Marketing\" src=\"http:\/\/scamp.es\/wp-content\/uploads\/2013\/07\/logo-anda.png\" width=\"187\" height=\"95\"><\/li>\n<li><img loading=\"lazy\" decoding=\"async\" class=\"alignnone size-full wp-image-15\" title=\"C\u00b4direct\" alt=\"C'direct\" src=\"http:\/\/scamp.es\/wp-content\/uploads\/2013\/07\/logo-c-direct.png\" width=\"187\" height=\"95\"><\/li>\n<li><img loading=\"lazy\" decoding=\"async\" class=\"alignnone size-full wp-image-15\" title=\"Henkel\" alt=\"Henkel\" src=\"http:\/\/scamp.es\/wp-content\/uploads\/2013\/07\/logo-henkel.png\" width=\"187\" height=\"95\"><\/li>\n<li><img loading=\"lazy\" decoding=\"async\" class=\"alignnone size-full wp-image-15\" title=\"Procter &amp; Gamble\" alt=\"Procter &amp; Gamble\" src=\"http:\/\/scamp.es\/wp-content\/uploads\/2013\/07\/logo-procter-gamble.png\" width=\"187\" height=\"95\"><\/li>\n<li><img loading=\"lazy\" decoding=\"async\" class=\"alignnone size-full wp-image-15\" title=\"Zurich\" alt=\"Zurich\" src=\"http:\/\/scamp.es\/wp-content\/uploads\/2013\/07\/logo-zurich.png\" width=\"187\" height=\"95\"><\/li>\n<li><img loading=\"lazy\" decoding=\"async\" class=\"alignnone size-full wp-image-15\" title=\"Arag\" alt=\"Arag\" src=\"http:\/\/scamp.es\/wp-content\/uploads\/2013\/07\/logo-arag.png\" width=\"187\" height=\"95\"><\/li>\n<li><img loading=\"lazy\" decoding=\"async\" class=\"alignnone size-full wp-image-15\" title=\"Grupo Godo\" alt=\"Grupo Godo\" src=\"http:\/\/scamp.es\/wp-content\/uploads\/2013\/07\/logo-grupo-godo.png\" width=\"187\" height=\"95\"><\/li>\n<li><img loading=\"lazy\" decoding=\"async\" class=\"alignnone size-full wp-image-15\" title=\"RBA\" alt=\"RBA\" src=\"http:\/\/scamp.es\/wp-content\/uploads\/2013\/07\/logo-rba.png\" width=\"187\" height=\"95\"><\/li>\n<li><img loading=\"lazy\" decoding=\"async\" class=\"alignnone size-full wp-image-15\" title=\"Vicens Vives\" alt=\"Vicens Vives\" src=\"http:\/\/scamp.es\/wp-content\/uploads\/2013\/07\/logo-vicens-vives.png\" width=\"187\" height=\"95\"><\/li>\n<li><img loading=\"lazy\" decoding=\"async\" class=\"alignnone size-full wp-image-15\" title=\"Editorial Teide\" alt=\"Editorial Teide\" src=\"http:\/\/scamp.es\/wp-content\/uploads\/2013\/07\/logo-editorial-teide.png\" width=\"187\" height=\"95\"><\/li>\n<li><img loading=\"lazy\" decoding=\"async\" class=\"alignnone size-full wp-image-15\" title=\"Splendia\" alt=\"Splendia\" src=\"http:\/\/scamp.es\/wp-content\/uploads\/2013\/07\/logo-splendia.png\" width=\"187\" height=\"95\"><\/li>\n<li><img loading=\"lazy\" decoding=\"async\" class=\"alignnone size-full wp-image-15\" title=\"RIU\" alt=\"RIU\" src=\"http:\/\/scamp.es\/wp-content\/uploads\/2013\/07\/logo-riu.png\" width=\"187\" height=\"95\"><\/li>\n<li><img loading=\"lazy\" decoding=\"async\" class=\"alignnone size-full wp-image-15\" title=\"UGT\" alt=\"UGT\" src=\"http:\/\/scamp.es\/wp-content\/uploads\/2013\/07\/logo-ugt.png\" width=\"187\" height=\"95\"><\/li>\n<li><img loading=\"lazy\" decoding=\"async\" class=\"alignnone size-full wp-image-15\" title=\"CCOO\" alt=\"CCOO\" src=\"http:\/\/scamp.es\/wp-content\/uploads\/2013\/07\/logo-cc00.png\" width=\"187\" height=\"95\"><\/li>\n<\/ul>\n<p><\/div><br \/>\n&nbsp;<\/p>\n","protected":false},"excerpt":{"rendered":"<p>Nous avons grandi aux c\u00f4t\u00e9s de nos clients car vos int\u00e9rzts sont les notres. Chaque d\u00e9fi est une opportunit\u00e9 d\u2019apporter de la valeur avec les solutions les plus directes. &nbsp;<\/p>\n","protected":false},"author":1,"featured_media":0,"parent":0,"menu_order":0,"comment_status":"open","ping_status":"open","template":"template-full.php","meta":{"footnotes":""},"class_list":["post-265","page","type-page","status-publish","hentry"],"_links":{"self":[{"href":"https:\/\/scamp.es\/index.php?rest_route=\/wp\/v2\/pages\/265","targetHints":{"allow":["GET"]}}],"collection":[{"href":"https:\/\/scamp.es\/index.php?rest_route=\/wp\/v2\/pages"}],"about":[{"href":"https:\/\/scamp.es\/index.php?rest_route=\/wp\/v2\/types\/page"}],"author":[{"embeddable":true,"href":"https:\/\/scamp.es\/index.php?rest_route=\/wp\/v2\/users\/1"}],"replies":[{"embeddable":true,"href":"https:\/\/scamp.es\/index.php?rest_route=%2Fwp%2Fv2%2Fcomments&post=265"}],"version-history":[{"count":6,"href":"https:\/\/scamp.es\/index.php?rest_route=\/wp\/v2\/pages\/265\/revisions"}],"predecessor-version":[{"id":987,"href":"https:\/\/scamp.es\/index.php?rest_route=\/wp\/v2\/pages\/265\/revisions\/987"}],"wp:attachment":[{"href":"https:\/\/scamp.es\/index.php?rest_route=%2Fwp%2Fv2%2Fmedia&parent=265"}],"curies":[{"name":"wp","href":"https:\/\/api.w.org\/{rel}","templated":true}]}}